{"id":177,"date":"2016-11-12T19:58:02","date_gmt":"2016-11-12T18:58:02","guid":{"rendered":"http:\/\/atelier-libre-oreille.fr\/wordpresswoocommerce\/?post_type=product&#038;p=177"},"modified":"2016-11-13T19:31:49","modified_gmt":"2016-11-13T18:31:49","slug":"tasse-soucoupe-porcelaine","status":"publish","type":"product","link":"http:\/\/atelier-libre-oreille.fr\/wordpresswoocommerce\/produit\/tasse-soucoupe-porcelaine\/","title":{"rendered":"Tasse et soucoupe en porcelaine"},"content":{"rendered":"<p>Tourn\u00e9\u00a0 et d\u00e9cor\u00e9 \u00e0 la main.<br \/>\nD\u00e9cor Iris fait dessin\u00e9 au pinceau.<br \/>\n\u00e9t\u00e9 2016.<\/p>\n<p>Prix port compris<\/p>\n","protected":false},"excerpt":{"rendered":"<p>Tourn\u00e9\u00a0 et d\u00e9cor\u00e9 \u00e0 la main. D\u00e9cor Iris fait dessin\u00e9 au pinceau. \u00e9t\u00e9 2016. Prix port compris<\/p>\n","protected":false},"featured_media":180,"comment_status":"open","ping_status":"closed","template":"","meta":[],"yoast_head":"<!-- This site is optimized with the Yoast SEO plugin v16.6.1 - https:\/\/yoast.com\/wordpress\/plugins\/seo\/ -->\n<meta name=\"description\" content=\"tasse, soucoupe, porcelaine, tour, iris,artisanat, artisan d&#039;art, art, c\u00e9ramique, porcelaine, service \u00e0 th\u00e9,\" \/>\n<meta name=\"robots\" content=\"index, follow, max-snippet:-1, max-image-preview:large, max-video-preview:-1\" \/>\n<link rel=\"canonical\" href=\"https:\/\/atelier-libre-oreille.fr\/wordpresswoocommerce\/produit\/tasse-soucoupe-porcelaine\/\" \/>\n<meta property=\"og:locale\" content=\"fr_FR\" \/>\n<meta property=\"og:type\" content=\"article\" \/>\n<meta property=\"og:title\" content=\"Tasse et soucoupe en porcelaine - Atelier Libre Oreille\" \/>\n<meta property=\"og:description\" content=\"tasse, soucoupe, porcelaine, tour, iris,artisanat, artisan d&#039;art, art, c\u00e9ramique, porcelaine, service \u00e0 th\u00e9,\" \/>\n<meta property=\"og:url\" content=\"https:\/\/atelier-libre-oreille.fr\/wordpresswoocommerce\/produit\/tasse-soucoupe-porcelaine\/\" \/>\n<meta property=\"og:site_name\" content=\"Atelier Libre Oreille\" \/>\n<meta property=\"article:modified_time\" content=\"2016-11-13T18:31:49+00:00\" \/>\n<meta property=\"og:image\" content=\"http:\/\/atelier-libre-oreille.fr\/wordpresswoocommerce\/wp-content\/uploads\/2016\/11\/tasse_soucoupe_iris_c.jpg\" \/>\n\t<meta property=\"og:image:width\" content=\"283\" \/>\n\t<meta property=\"og:image:height\" content=\"369\" \/>\n<script type=\"application\/ld+json\" class=\"yoast-schema-graph\">{\"@context\":\"https:\/\/schema.org\",\"@graph\":[{\"@type\":\"WebSite\",\"@id\":\"https:\/\/atelier-libre-oreille.fr\/wordpresswoocommerce\/#website\",\"url\":\"https:\/\/atelier-libre-oreille.fr\/wordpresswoocommerce\/\",\"name\":\"Atelier Libre Oreille\",\"description\":\"Chez Joff. Cr\\u00e9ations d&#039;objets d&#039;art c\\u00e9ramique : gr\\u00e9s, porcelaine, raku ...\",\"potentialAction\":[{\"@type\":\"SearchAction\",\"target\":{\"@type\":\"EntryPoint\",\"urlTemplate\":\"https:\/\/atelier-libre-oreille.fr\/wordpresswoocommerce\/?s={search_term_string}\"},\"query-input\":\"required name=search_term_string\"}],\"inLanguage\":\"fr-FR\"},{\"@type\":\"ImageObject\",\"@id\":\"https:\/\/atelier-libre-oreille.fr\/wordpresswoocommerce\/produit\/tasse-soucoupe-porcelaine\/#primaryimage\",\"inLanguage\":\"fr-FR\",\"url\":\"http:\/\/atelier-libre-oreille.fr\/wordpresswoocommerce\/wp-content\/uploads\/2016\/11\/tasse_soucoupe_iris_c.jpg\",\"contentUrl\":\"http:\/\/atelier-libre-oreille.fr\/wordpresswoocommerce\/wp-content\/uploads\/2016\/11\/tasse_soucoupe_iris_c.jpg\",\"width\":283,\"height\":369,\"caption\":\"Tasse et soucoupe en porcelaine d\\u00e9cor Iris\"},{\"@type\":\"WebPage\",\"@id\":\"https:\/\/atelier-libre-oreille.fr\/wordpresswoocommerce\/produit\/tasse-soucoupe-porcelaine\/#webpage\",\"url\":\"https:\/\/atelier-libre-oreille.fr\/wordpresswoocommerce\/produit\/tasse-soucoupe-porcelaine\/\",\"name\":\"Tasse et soucoupe en porcelaine - Atelier Libre Oreille\",\"isPartOf\":{\"@id\":\"https:\/\/atelier-libre-oreille.fr\/wordpresswoocommerce\/#website\"},\"primaryImageOfPage\":{\"@id\":\"https:\/\/atelier-libre-oreille.fr\/wordpresswoocommerce\/produit\/tasse-soucoupe-porcelaine\/#primaryimage\"},\"datePublished\":\"2016-11-12T18:58:02+00:00\",\"dateModified\":\"2016-11-13T18:31:49+00:00\",\"description\":\"tasse, soucoupe, porcelaine, tour, iris,artisanat, artisan d'art, art, c\\u00e9ramique, porcelaine, service \\u00e0 th\\u00e9,\",\"breadcrumb\":{\"@id\":\"https:\/\/atelier-libre-oreille.fr\/wordpresswoocommerce\/produit\/tasse-soucoupe-porcelaine\/#breadcrumb\"},\"inLanguage\":\"fr-FR\",\"potentialAction\":[{\"@type\":\"ReadAction\",\"target\":[\"https:\/\/atelier-libre-oreille.fr\/wordpresswoocommerce\/produit\/tasse-soucoupe-porcelaine\/\"]}]},{\"@type\":\"BreadcrumbList\",\"@id\":\"https:\/\/atelier-libre-oreille.fr\/wordpresswoocommerce\/produit\/tasse-soucoupe-porcelaine\/#breadcrumb\",\"itemListElement\":[{\"@type\":\"ListItem\",\"position\":1,\"name\":\"Accueil\",\"item\":\"https:\/\/atelier-libre-oreille.fr\/wordpresswoocommerce\/\"},{\"@type\":\"ListItem\",\"position\":2,\"name\":\"Boutique\",\"item\":\"https:\/\/atelier-libre-oreille.fr\/wordpresswoocommerce\/boutique\/\"},{\"@type\":\"ListItem\",\"position\":3,\"name\":\"Tasse et soucoupe en porcelaine\"}]}]}<\/script>\n<!-- \/ Yoast SEO plugin. -->","_links":{"self":[{"href":"http:\/\/atelier-libre-oreille.fr\/wordpresswoocommerce\/wp-json\/wp\/v2\/product\/177"}],"collection":[{"href":"http:\/\/atelier-libre-oreille.fr\/wordpresswoocommerce\/wp-json\/wp\/v2\/product"}],"about":[{"href":"http:\/\/atelier-libre-oreille.fr\/wordpresswoocommerce\/wp-json\/wp\/v2\/types\/product"}],"replies":[{"embeddable":true,"href":"http:\/\/atelier-libre-oreille.fr\/wordpresswoocommerce\/wp-json\/wp\/v2\/comments?post=177"}],"wp:featuredmedia":[{"embeddable":true,"href":"http:\/\/atelier-libre-oreille.fr\/wordpresswoocommerce\/wp-json\/wp\/v2\/media\/180"}],"wp:attachment":[{"href":"http:\/\/atelier-libre-oreille.fr\/wordpresswoocommerce\/wp-json\/wp\/v2\/media?parent=177"}],"curies":[{"name":"wp","href":"https:\/\/api.w.org\/{rel}","templated":true}]}}