{"id":158,"date":"2016-11-11T19:04:31","date_gmt":"2016-11-11T18:04:31","guid":{"rendered":"http:\/\/atelier-libre-oreille.fr\/wordpresswoocommerce\/?page_id=158"},"modified":"2018-02-10T18:11:39","modified_gmt":"2018-02-10T17:11:39","slug":"plan-dacces-de-latelier-de-boutique-dexposition-de-latelier-libre-oreille","status":"publish","type":"page","link":"https:\/\/atelier-libre-oreille.fr\/wordpresswoocommerce\/plan-dacces-de-latelier-de-boutique-dexposition-de-latelier-libre-oreille\/","title":{"rendered":"Plan d\u2019acc\u00e8s"},"content":{"rendered":"<h2>Atelier et Boutique d&rsquo;exposition<br \/>\nde l\u2019Atelier Libre Oreille<\/h2>\n<h4>Chez Joff<br \/>\n7 Lieu dit Libre Oreille<br \/>\n87440 Marval<\/h4>\n<p><iframe loading=\"lazy\" style=\"border: 0;\" src=\"https:\/\/www.google.com\/maps\/embed?pb=!1m18!1m12!1m3!1d2790.629612388312!2d0.7828013155703446!3d45.618086731182785!2m3!1f0!2f0!3f0!3m2!1i1024!2i768!4f13.1!3m3!1m2!1s0x0%3A0x0!2zNDXCsDM3JzA1LjEiTiAwwrA0NycwNi4wIkU!5e0!3m2!1sfr!2sfr!4v1478886048602\" width=\"600\" height=\"450\" frameborder=\"0\" allowfullscreen=\"allowfullscreen\"><\/iframe><\/p>\n<p style=\"padding-left: 30px;\">Les ateliers de \u201cLibre Oreille\u201d sont \u00e0 l\u2019\u00e9coute de toute les influences collect\u00e9es et permettent \u00e0 Joff Williams de s\u2019exprimer par le m\u00e9dium terre qu\u2019il d\u00e9cline de<br \/>\ndiff\u00e9rentes fa\u00e7ons (gr\u00e8s, Porcelaine et <a href=\"http:\/\/atelier-libre-oreille.fr\/wordpresswoocommerce\/serie-de-lievres-de-fevrier-ceramique-facon-raku\/\">Raku<\/a>).<br \/>\nSes sculptures d\u2019influences celtiques (dragons, hommes verts, etc. pour le jardin) sont inspir\u00e9es par l\u2019environnement et des objets plus usuels, tels que pi\u00e8ces de vaisselle et vases, compl\u00e8tent sa gamme de productions.<\/p>\n<p>&nbsp;<\/p>\n","protected":false},"excerpt":{"rendered":"<p>Atelier et Boutique d&rsquo;exposition de l\u2019Atelier Libre Oreille Chez Joff 7 Lieu dit Libre Oreille 87440 Marval Les ateliers de \u201cLibre Oreille\u201d sont \u00e0 l\u2019\u00e9coute de toute les influences collect\u00e9es et permettent \u00e0 Joff Williams de s\u2019exprimer par le m\u00e9dium terre qu\u2019il d\u00e9cline de diff\u00e9rentes fa\u00e7ons (gr\u00e8s, Porcelaine et Raku). Ses sculptures d\u2019influences celtiques (dragons, &hellip; <a href=\"https:\/\/atelier-libre-oreille.fr\/wordpresswoocommerce\/plan-dacces-de-latelier-de-boutique-dexposition-de-latelier-libre-oreille\/\" class=\"more-link\">Continuer la lecture de <span class=\"screen-reader-text\">Plan d\u2019acc\u00e8s<\/span> <span class=\"meta-nav\">&rarr;<\/span><\/a><\/p>\n","protected":false},"author":2,"featured_media":0,"parent":0,"menu_order":0,"comment_status":"closed","ping_status":"closed","template":"","meta":[],"yoast_head":"<!-- This site is optimized with the Yoast SEO plugin v16.6.1 - https:\/\/yoast.com\/wordpress\/plugins\/seo\/ -->\n<meta name=\"robots\" content=\"index, follow, max-snippet:-1, max-image-preview:large, max-video-preview:-1\" \/>\n<link rel=\"canonical\" href=\"https:\/\/atelier-libre-oreille.fr\/wordpresswoocommerce\/plan-dacces-de-latelier-de-boutique-dexposition-de-latelier-libre-oreille\/\" \/>\n<meta property=\"og:locale\" content=\"fr_FR\" \/>\n<meta property=\"og:type\" content=\"article\" \/>\n<meta property=\"og:title\" content=\"Plan d\u2019acc\u00e8s - Atelier Libre Oreille\" \/>\n<meta property=\"og:description\" content=\"Atelier et Boutique d&rsquo;exposition de l\u2019Atelier Libre Oreille Chez Joff 7 Lieu dit Libre Oreille 87440 Marval Les ateliers de \u201cLibre Oreille\u201d sont \u00e0 l\u2019\u00e9coute de toute les influences collect\u00e9es et permettent \u00e0 Joff Williams de s\u2019exprimer par le m\u00e9dium terre qu\u2019il d\u00e9cline de diff\u00e9rentes fa\u00e7ons (gr\u00e8s, Porcelaine et Raku). Ses sculptures d\u2019influences celtiques (dragons, &hellip; Continuer la lecture de Plan d\u2019acc\u00e8s &rarr;\" \/>\n<meta property=\"og:url\" content=\"https:\/\/atelier-libre-oreille.fr\/wordpresswoocommerce\/plan-dacces-de-latelier-de-boutique-dexposition-de-latelier-libre-oreille\/\" \/>\n<meta property=\"og:site_name\" content=\"Atelier Libre Oreille\" \/>\n<meta property=\"article:modified_time\" content=\"2018-02-10T17:11:39+00:00\" \/>\n<script type=\"application\/ld+json\" class=\"yoast-schema-graph\">{\"@context\":\"https:\/\/schema.org\",\"@graph\":[{\"@type\":\"WebSite\",\"@id\":\"http:\/\/atelier-libre-oreille.fr\/wordpresswoocommerce\/#website\",\"url\":\"http:\/\/atelier-libre-oreille.fr\/wordpresswoocommerce\/\",\"name\":\"Atelier Libre Oreille\",\"description\":\"Chez Joff. Cr\\u00e9ations d&#039;objets d&#039;art c\\u00e9ramique : gr\\u00e9s, porcelaine, raku ...\",\"potentialAction\":[{\"@type\":\"SearchAction\",\"target\":{\"@type\":\"EntryPoint\",\"urlTemplate\":\"http:\/\/atelier-libre-oreille.fr\/wordpresswoocommerce\/?s={search_term_string}\"},\"query-input\":\"required name=search_term_string\"}],\"inLanguage\":\"fr-FR\"},{\"@type\":\"WebPage\",\"@id\":\"https:\/\/atelier-libre-oreille.fr\/wordpresswoocommerce\/plan-dacces-de-latelier-de-boutique-dexposition-de-latelier-libre-oreille\/#webpage\",\"url\":\"https:\/\/atelier-libre-oreille.fr\/wordpresswoocommerce\/plan-dacces-de-latelier-de-boutique-dexposition-de-latelier-libre-oreille\/\",\"name\":\"Plan d\\u2019acc\\u00e8s - Atelier Libre Oreille\",\"isPartOf\":{\"@id\":\"http:\/\/atelier-libre-oreille.fr\/wordpresswoocommerce\/#website\"},\"datePublished\":\"2016-11-11T18:04:31+00:00\",\"dateModified\":\"2018-02-10T17:11:39+00:00\",\"breadcrumb\":{\"@id\":\"https:\/\/atelier-libre-oreille.fr\/wordpresswoocommerce\/plan-dacces-de-latelier-de-boutique-dexposition-de-latelier-libre-oreille\/#breadcrumb\"},\"inLanguage\":\"fr-FR\",\"potentialAction\":[{\"@type\":\"ReadAction\",\"target\":[\"https:\/\/atelier-libre-oreille.fr\/wordpresswoocommerce\/plan-dacces-de-latelier-de-boutique-dexposition-de-latelier-libre-oreille\/\"]}]},{\"@type\":\"BreadcrumbList\",\"@id\":\"https:\/\/atelier-libre-oreille.fr\/wordpresswoocommerce\/plan-dacces-de-latelier-de-boutique-dexposition-de-latelier-libre-oreille\/#breadcrumb\",\"itemListElement\":[{\"@type\":\"ListItem\",\"position\":1,\"name\":\"Accueil\",\"item\":\"http:\/\/atelier-libre-oreille.fr\/wordpresswoocommerce\/\"},{\"@type\":\"ListItem\",\"position\":2,\"name\":\"Plan d\\u2019acc\\u00e8s\"}]}]}<\/script>\n<!-- \/ Yoast SEO plugin. -->","_links":{"self":[{"href":"https:\/\/atelier-libre-oreille.fr\/wordpresswoocommerce\/wp-json\/wp\/v2\/pages\/158"}],"collection":[{"href":"https:\/\/atelier-libre-oreille.fr\/wordpresswoocommerce\/wp-json\/wp\/v2\/pages"}],"about":[{"href":"https:\/\/atelier-libre-oreille.fr\/wordpresswoocommerce\/wp-json\/wp\/v2\/types\/page"}],"author":[{"embeddable":true,"href":"https:\/\/atelier-libre-oreille.fr\/wordpresswoocommerce\/wp-json\/wp\/v2\/users\/2"}],"replies":[{"embeddable":true,"href":"https:\/\/atelier-libre-oreille.fr\/wordpresswoocommerce\/wp-json\/wp\/v2\/comments?post=158"}],"version-history":[{"count":9,"href":"https:\/\/atelier-libre-oreille.fr\/wordpresswoocommerce\/wp-json\/wp\/v2\/pages\/158\/revisions"}],"predecessor-version":[{"id":218,"href":"https:\/\/atelier-libre-oreille.fr\/wordpresswoocommerce\/wp-json\/wp\/v2\/pages\/158\/revisions\/218"}],"wp:attachment":[{"href":"https:\/\/atelier-libre-oreille.fr\/wordpresswoocommerce\/wp-json\/wp\/v2\/media?parent=158"}],"curies":[{"name":"wp","href":"https:\/\/api.w.org\/{rel}","templated":true}]}}